{"id":421,"date":"2024-09-02T19:32:48","date_gmt":"2024-09-02T18:32:48","guid":{"rendered":"https:\/\/base.thebluegrow.com\/?page_id=421"},"modified":"2025-12-18T19:48:10","modified_gmt":"2025-12-18T19:48:10","slug":"informativa-sulla-privacy","status":"publish","type":"page","link":"https:\/\/tobabos.es\/it\/informativa-sulla-privacy\/","title":{"rendered":"Informativa sulla privacy"},"content":{"rendered":"\t\t<div data-elementor-type=\"wp-page\" data-elementor-id=\"421\" class=\"elementor elementor-421\" data-elementor-post-type=\"page\">\n\t\t\t\t<div class=\"elementor-element elementor-element-36893dcc e-flex e-con-boxed e-con e-parent\" data-id=\"36893dcc\" data-element_type=\"container\" data-e-type=\"container\">\n\t\t\t\t\t<div class=\"e-con-inner\">\n\t\t\t\t<div class=\"elementor-element elementor-element-4373fa43 elementor-widget elementor-widget-text-editor\" data-id=\"4373fa43\" data-element_type=\"widget\" data-e-type=\"widget\" data-widget_type=\"text-editor.default\">\n\t\t\t\t<div class=\"elementor-widget-container\">\n\t\t\t\t\t\t\t\t\t\n<h2 class=\"wp-block-heading\" id=\"poltica-de-privacidad--tobabos-sl\">Pol\u00edtica de Privacidad \u2013 Tobabos SL<\/h2>\n\n\n\n<p>\u00daltima actualizaci\u00f3n: 09\/12\/2025<\/p>\n\n\n\n<h2 class=\"wp-block-heading\">1. Responsable del tratamiento<\/h2>\n\n\n\n<p>En cumplimiento del Reglamento (UE) 2016\/679 (GDPR) y de la Ley Org\u00e1nica 3\/2018 (LOPDGDD), le informamos que los datos personales recogidos a trav\u00e9s de este sitio web ser\u00e1n tratados por:<\/p>\n\n\n\n<p>Tobabos SL<br>Calle Madrid, 6 \u2013 38660 Adeje (Santa Cruz de Tenerife), Espa\u00f1a<a rel=\"noreferrer noopener nofollow\" target=\"_blank\" href=\"https:\/\/cincodias.elpais.com\/directorio-empresas\/empresa\/10121247\/tobabos\"><\/a>\u200b<br>Correo electr\u00f3nico de contacto:&nbsp;<a rel=\"noreferrer noopener\" target=\"_blank\" href=\"mailto:info@tobabos.es\">info@tobabos.es<\/a><\/p>\n\n\n\n<h2 class=\"wp-block-heading\">2. Finalidad del tratamiento<\/h2>\n\n\n\n<p>Los datos personales proporcionados a trav\u00e9s de los formularios de contacto o del correo electr\u00f3nico se utilizar\u00e1n \u00fanicamente para:<\/p>\n\n\n\n<ul class=\"wp-block-list\">\n<li>Responder a solicitudes de informaci\u00f3n.<\/li>\n\n\n\n<li>Mantener la comunicaci\u00f3n derivada de una relaci\u00f3n contractual o precontractual.<\/li>\n<\/ul>\n\n\n\n<p>No se realizan acciones de marketing masivo, publicidad personalizada ni cesi\u00f3n de datos con fines comerciales.<\/p>\n\n\n\n<h2 class=\"wp-block-heading\">3. Base jur\u00eddica<\/h2>\n\n\n\n<p>La base legal para el tratamiento de los datos es:<\/p>\n\n\n\n<ul class=\"wp-block-list\">\n<li>El consentimiento del interesado al enviar sus datos mediante los formularios del sitio web.<\/li>\n\n\n\n<li>La ejecuci\u00f3n de un contrato o la aplicaci\u00f3n de medidas precontractuales, en caso de que la consulta derive en una relaci\u00f3n contractual.<\/li>\n<\/ul>\n\n\n\n<h2 class=\"wp-block-heading\">4. Conservaci\u00f3n de los datos<\/h2>\n\n\n\n<p>Los datos se conservar\u00e1n \u00fanicamente durante el tiempo necesario para atender la solicitud y, en su caso, mientras exista una relaci\u00f3n contractual o el interesado no solicite su supresi\u00f3n, as\u00ed como durante los plazos legales de conservaci\u00f3n que resulten de aplicaci\u00f3n.<\/p>\n\n\n\n<h2 class=\"wp-block-heading\">5. Destinatarios y encargados del tratamiento<\/h2>\n\n\n\n<p>Se informa de que Tobabos SL utiliza proveedores que act\u00faan como encargados del tratamiento:<\/p>\n\n\n\n<ul class=\"wp-block-list\">\n<li>Hostinger International Ltd. \u2013 Proveedor de hosting donde se aloja este sitio web. Hostinger declara cumplir con el Reglamento General de Protecci\u00f3n de Datos (GDPR) y dispone de acuerdos de tratamiento de datos y medidas de seguridad adecuadas.<a href=\"https:\/\/explore.openli.com\/privacy\/hostinger-web-hosting\/data-processing-agreements\" target=\"_blank\" rel=\"noreferrer noopener nofollow\"><\/a>\u200b<\/li>\n\n\n\n<li>Brevo (Sendinblue SAS, Francia, UE) \u2013 Herramienta utilizada para la gesti\u00f3n de comunicaciones electr\u00f3nicas y, en su caso, formularios de contacto o newsletter. Brevo opera desde la Uni\u00f3n Europea y declara cumplir con el GDPR.<a href=\"https:\/\/www.brevo.com\/legal\/privacypolicy\/\" target=\"_blank\" rel=\"noreferrer noopener nofollow\"><\/a>\u200b<\/li>\n<\/ul>\n\n\n\n<p>Estos proveedores tratan los datos \u00fanicamente siguiendo las instrucciones de Tobabos SL, con las finalidades descritas y con las medidas de seguridad apropiadas.<\/p>\n\n\n\n<h2 class=\"wp-block-heading\">6. Derechos de los usuarios<\/h2>\n\n\n\n<p>Cualquier persona tiene derecho a:<\/p>\n\n\n\n<ul class=\"wp-block-list\">\n<li>Acceder a sus datos personales.<\/li>\n\n\n\n<li>Solicitar la rectificaci\u00f3n de los datos inexactos o incompletos.<\/li>\n\n\n\n<li>Solicitar la supresi\u00f3n de sus datos cuando, entre otros motivos, ya no sean necesarios para los fines para los que fueron recogidos.<\/li>\n\n\n\n<li>Solicitar la limitaci\u00f3n del tratamiento de sus datos en determinados supuestos.<\/li>\n\n\n\n<li>Oponerse al tratamiento de sus datos.<\/li>\n\n\n\n<li>Solicitar la portabilidad de sus datos cuando la base jur\u00eddica sea el consentimiento o un contrato y el tratamiento se efect\u00fae por medios automatizados.<\/li>\n<\/ul>\n\n\n\n<p>Para ejercer estos derechos, puede enviar una solicitud escrita, acompa\u00f1ada de un documento que acredite su identidad, a&nbsp;<a rel=\"noreferrer noopener\" target=\"_blank\" href=\"mailto:info@tobabos.es\">info@tobabos.es<\/a>&nbsp;indicando \u201cProtecci\u00f3n de Datos\u201d en el asunto.<\/p>\n\n\n\n<p>En caso de no estar satisfecho con la respuesta o considerar vulnerados sus derechos, puede presentar una reclamaci\u00f3n ante la Agencia Espa\u00f1ola de Protecci\u00f3n de Datos (AEPD) en&nbsp;<a rel=\"noreferrer noopener nofollow\" target=\"_blank\" href=\"http:\/\/www.aepd.es.[9\/\">www.aepd.es.[9<\/a>]<a rel=\"noreferrer noopener nofollow\" target=\"_blank\" href=\"https:\/\/www.axesor.es\/Informes-Empresas\/10713573\/TOBABOS_SL.html\"><\/a>\u200b<\/p>\n\n\n\n<h2 class=\"wp-block-heading\">7. Seguridad de los datos<\/h2>\n\n\n\n<p>Tobabos SL adopta las medidas t\u00e9cnicas y organizativas necesarias para garantizar la seguridad, confidencialidad e integridad de los datos personales, evitando su p\u00e9rdida, alteraci\u00f3n o acceso no autorizado, de acuerdo con lo exigido por la normativa aplicable.<\/p>\n\n\n\n<h2 class=\"wp-block-heading\">8. Transferencias internacionales<\/h2>\n\n\n\n<p>Con car\u00e1cter general, no se realizan transferencias internacionales de datos fuera de la Uni\u00f3n Europea. En el caso de que alguno de los proveedores implicara una transferencia internacional, se garantizar\u00e1 que existan las salvaguardas adecuadas conforme al GDPR (por ejemplo, cl\u00e1usulas contractuales tipo aprobadas por la Comisi\u00f3n Europea).<a rel=\"noreferrer noopener nofollow\" target=\"_blank\" href=\"https:\/\/www.reddit.com\/r\/gdpr\/comments\/10h9kix\/would_this_be_compliant\/\"><\/a>\u200b<\/p>\n\n\n\n<h2 class=\"wp-block-heading\">9. Cookies<\/h2>\n\n\n\n<p>Este sitio web utiliza \u00fanicamente cookies t\u00e9cnicas necesarias para su correcto funcionamiento y, en su caso, cookies adicionales seg\u00fan lo descrito en la Pol\u00edtica de Cookies. No se utilizan cookies de marketing ni de terceros con fines publicitarios sin el correspondiente consentimiento previo del usuario. Para m\u00e1s informaci\u00f3n, consulte nuestra Pol\u00edtica de Cookies en la URL indicada en el propio sitio web.<\/p>\n\t\t\t\t\t\t\t\t<\/div>\n\t\t\t\t<\/div>\n\t\t\t\t\t<\/div>\n\t\t\t\t<\/div>\n\t\t\t\t<\/div>\n\t\t","protected":false},"excerpt":{"rendered":"<p>Pol\u00edtica de Privacidad \u2013 Tobabos SL \u00daltima actualizaci\u00f3n: 09\/12\/2025 1. Responsable del tratamiento En cumplimiento del Reglamento (UE) 2016\/679 (GDPR) y de la Ley Org\u00e1nica 3\/2018 (LOPDGDD), le informamos que los datos personales recogidos a trav\u00e9s de este sitio web ser\u00e1n tratados por: Tobabos SLCalle Madrid, 6 \u2013 38660 Adeje (Santa Cruz de Tenerife), Espa\u00f1a\u200bCorreo [&hellip;]<\/p>\n","protected":false},"author":2,"featured_media":0,"parent":0,"menu_order":0,"comment_status":"closed","ping_status":"closed","template":"","meta":{"_acf_changed":false,"footnotes":""},"class_list":["post-421","page","type-page","status-publish","hentry"],"acf":[],"_links":{"self":[{"href":"https:\/\/tobabos.es\/it\/wp-json\/wp\/v2\/pages\/421","targetHints":{"allow":["GET"]}}],"collection":[{"href":"https:\/\/tobabos.es\/it\/wp-json\/wp\/v2\/pages"}],"about":[{"href":"https:\/\/tobabos.es\/it\/wp-json\/wp\/v2\/types\/page"}],"author":[{"embeddable":true,"href":"https:\/\/tobabos.es\/it\/wp-json\/wp\/v2\/users\/2"}],"replies":[{"embeddable":true,"href":"https:\/\/tobabos.es\/it\/wp-json\/wp\/v2\/comments?post=421"}],"version-history":[{"count":5,"href":"https:\/\/tobabos.es\/it\/wp-json\/wp\/v2\/pages\/421\/revisions"}],"predecessor-version":[{"id":1113,"href":"https:\/\/tobabos.es\/it\/wp-json\/wp\/v2\/pages\/421\/revisions\/1113"}],"wp:attachment":[{"href":"https:\/\/tobabos.es\/it\/wp-json\/wp\/v2\/media?parent=421"}],"curies":[{"name":"wp","href":"https:\/\/api.w.org\/{rel}","templated":true}]}}