{"id":423,"date":"2024-09-02T19:33:05","date_gmt":"2024-09-02T18:33:05","guid":{"rendered":"https:\/\/base.thebluegrow.com\/?page_id=423"},"modified":"2025-12-18T19:42:43","modified_gmt":"2025-12-18T19:42:43","slug":"avviso-legale","status":"publish","type":"page","link":"https:\/\/tobabos.es\/it\/avviso-legale\/","title":{"rendered":"Avviso legale"},"content":{"rendered":"<div data-elementor-type=\"wp-page\" data-elementor-id=\"423\" class=\"elementor elementor-423\" data-elementor-post-type=\"page\">\n\t\t\t\t<div class=\"elementor-element elementor-element-18418f09 e-flex e-con-boxed e-con e-parent\" data-id=\"18418f09\" data-element_type=\"container\" data-e-type=\"container\">\n\t\t\t\t\t<div class=\"e-con-inner\">\n\t\t\t\t<div class=\"elementor-element elementor-element-23cc6842 elementor-widget elementor-widget-text-editor\" data-id=\"23cc6842\" data-element_type=\"widget\" data-e-type=\"widget\" data-widget_type=\"text-editor.default\">\n\t\t\t\t<div class=\"elementor-widget-container\">\n\t\t\t\t\t\t\t\t\t\n<h2 class=\"wp-block-heading\" id=\"aviso-legal--tobabos-sl\">Avviso legale - Tobabos SL<\/h2>\n\n\n\n<p>Ultimo aggiornamento: 09\/12\/2025<\/p>\n\n\n\n<h2 class=\"wp-block-heading\">1. Informazioni generali<\/h2>\n\n\n\n<p>In conformit\u00e0 alle disposizioni della Legge 34\/2002, dell'11 luglio, sui servizi della societ\u00e0 dell'informazione e del commercio elettronico (LSSI-CE), vi informiamo dei seguenti dati identificativi del titolare del sito web.<a rel=\"noreferrer noopener nofollow\" target=\"_blank\" href=\"https:\/\/www.boe.es\/buscar\/doc.php?id=BOE-A-2002-13758\"><\/a>\u200b<\/p>\n\n\n\n<ul class=\"wp-block-list\">\n<li>Proprietario: Tobabos SL<\/li>\n\n\n\n<li>CIF\/NIF: B72786056<a href=\"https:\/\/www.einforma.com\/informacion-empresa\/tobabos\" target=\"_blank\" rel=\"noreferrer noopener nofollow\"><\/a>\u200b<\/li>\n\n\n\n<li>Sede legale: Calle Madrid, 6 - 38660 Adeje (Santa Cruz de Tenerife), Spagna<a href=\"https:\/\/www.datoscif.es\/empresa\/tobabos-sl\" target=\"_blank\" rel=\"noreferrer noopener nofollow\"><\/a>\u200b<\/li>\n\n\n\n<li>Indirizzo e-mail di contatto:\u00a0<a href=\"mailto:info@tobabos.es\" target=\"_blank\" rel=\"noreferrer noopener\">info@tobabos.es<\/a><\/li>\n<\/ul>\n\n\n\n<p>Questo sito web&nbsp;<a rel=\"noreferrer noopener\" target=\"_blank\" href=\"https:\/\/tobabos.es\/it\">www.tobabos.es<\/a>&nbsp;ha lo scopo di fornire informazioni sui servizi e sulle attivit\u00e0 di Tobabos SL.<\/p>\n\n\n\n<h2 class=\"wp-block-heading\">2. Condizioni di utilizzo<\/h2>\n\n\n\n<p>L'accesso e la navigazione in questo sito web implicano la condizione di utente e l'accettazione piena e senza riserve delle presenti condizioni di utilizzo. Se l'utente non \u00e8 d'accordo con queste condizioni, deve astenersi dall'utilizzare il sito web e i suoi servizi.<a rel=\"noreferrer noopener nofollow\" target=\"_blank\" href=\"https:\/\/protecciondatos-lopd.com\/empresas\/aviso-legal-web\/\"><\/a>\u200b<\/p>\n\n\n\n<p>L'utente si impegna a fare un uso appropriato del sito e a non utilizzarlo per attivit\u00e0 illegali, contrarie alla buona fede, all'ordine pubblico o ai diritti di terzi, o per causare danni ai sistemi fisici o logici di Tobabos SL o dei suoi fornitori.<a rel=\"noreferrer noopener nofollow\" target=\"_blank\" href=\"https:\/\/usercentrics.com\/es\/knowledge-hub\/aviso-legal-web\/\"><\/a>\u200b<\/p>\n\n\n\n<h2 class=\"wp-block-heading\">3. Propriet\u00e0 intellettuale e industriale<\/h2>\n\n\n\n<p>Tutti i contenuti di questo sito web, compresi, ma non solo, testi, immagini, fotografie, grafici, loghi, icone, disegni, software e qualsiasi altro elemento soggetto a protezione, sono di propriet\u00e0 di Tobabos SL o di terzi che ne hanno autorizzato l'uso, e sono protetti dalle norme sulla propriet\u00e0 intellettuale e industriale.<a rel=\"noreferrer noopener nofollow\" target=\"_blank\" href=\"https:\/\/www.webolto.com\/es\/blog\/aviso-legal-sitio-web\/\"><\/a>\u200b<\/p>\n\n\n\n<p>\u00c8 vietata la riproduzione, la distribuzione, la comunicazione pubblica, la trasformazione o qualsiasi altra forma di sfruttamento, totale o parziale, dei contenuti del sito senza la preventiva ed espressa autorizzazione dei proprietari, salvo i casi legalmente consentiti.<a rel=\"noreferrer noopener nofollow\" target=\"_blank\" href=\"https:\/\/protecciondatos-lopd.com\/empresas\/aviso-legal-web\/\"><\/a>\u200b<\/p>\n\n\n\n<h2 class=\"wp-block-heading\">4. Responsabilit\u00e0<\/h2>\n\n\n\n<p>Tobabos SL non garantisce la disponibilit\u00e0 permanente del sito web n\u00e9 l'assenza di errori nei contenuti, anche se adotter\u00e0 le misure necessarie per correggere qualsiasi incidente tecnico o di contenuto di cui venga a conoscenza.<a rel=\"noreferrer noopener nofollow\" target=\"_blank\" href=\"https:\/\/www.elabogadodigital.com\/como-hacer-el-aviso-legal-de-tu-web\/\"><\/a>\u200b<\/p>\n\n\n\n<p>Tobabos SL non sar\u00e0 responsabile di eventuali danni che possano derivare dalla mancanza di disponibilit\u00e0 o continuit\u00e0 del funzionamento del sito, dalla presenza di malware o altri elementi dannosi, o dall'uso improprio che gli utenti fanno del sito o dei suoi contenuti.<\/p>\n\n\n\n<h2 class=\"wp-block-heading\">5. Collegamenti<\/h2>\n\n\n\n<p>Il sito web pu\u00f2 contenere link a siti esterni di terze parti, forniti solo a scopo informativo. Tobabos SL non \u00e8 responsabile del contenuto, delle informazioni o dei servizi che possono apparire su questi siti, che in nessun caso implicano una relazione, un'approvazione o un avallo tra Tobabos SL e le persone o le entit\u00e0 che li possiedono.<a rel=\"noreferrer noopener nofollow\" target=\"_blank\" href=\"https:\/\/www.webolto.com\/es\/blog\/aviso-legal-sitio-web\/\"><\/a>\u200b<\/p>\n\n\n\n<p>I terzi che intendono stabilire dei link a questo sito web devono assicurarsi che tali link portino direttamente alla home page o ad altre pagine accessibili al pubblico, senza riprodurre i contenuti di Tobabos SL in modo illegale, sleale o confuso per gli utenti.<a rel=\"noreferrer noopener nofollow\" target=\"_blank\" href=\"https:\/\/ubtcompliance.com\/blog\/elementos-aviso-legal\/\"><\/a>\u200b<\/p>\n\n\n\n<h2 class=\"wp-block-heading\">6. Protezione dei dati personali<\/h2>\n\n\n\n<p>Il trattamento dei dati personali degli utenti eventualmente raccolti attraverso il presente sito web sar\u00e0 disciplinato dalle disposizioni della Privacy Policy, disponibile sul sito stesso, che fornisce informazioni dettagliate su responsabile, finalit\u00e0, base giuridica, periodi di conservazione ed esercizio dei diritti.<a rel=\"noreferrer noopener nofollow\" target=\"_blank\" href=\"https:\/\/www.aepd.es\/politica-de-privacidad-y-aviso-legal\"><\/a>\u200b<\/p>\n\n\n\n<p>Utilizzando i moduli del sito o comunicando con Tobabos SL via e-mail, l'utente dichiara di aver letto e accettato la Politica sulla privacy.<\/p>\n\n\n\n<h2 class=\"wp-block-heading\">7. Utilizzo dei cookie<\/h2>\n\n\n\n<p>Il sito web utilizza cookie propri e di terzi per le finalit\u00e0 descritte nella Politica sui cookie, accessibile in qualsiasi momento dal footer del sito.<a rel=\"noreferrer noopener nofollow\" target=\"_blank\" href=\"https:\/\/www.aepd.es\/guias\/guia-cookies.pdf\"><\/a>\u200b<\/p>\n\n\n\n<p>Gli utenti possono configurare le proprie preferenze attraverso il pannello di impostazione dei cookie e ottenere informazioni dettagliate sui tipi di cookie utilizzati, sulle finalit\u00e0, sulla durata e sulla base giuridica del loro utilizzo.<\/p>\n\n\n\n<h2 class=\"wp-block-heading\">8. Legge applicabile e giurisdizione<\/h2>\n\n\n\n<p>Il presente avviso legale \u00e8 disciplinato dalla legge spagnola, in particolare dalla legge 34\/2002 sui servizi della societ\u00e0 dell'informazione e del commercio elettronico, nonch\u00e9 dalle norme sulla protezione dei dati e da altre disposizioni applicabili.<a rel=\"noreferrer noopener nofollow\" target=\"_blank\" href=\"https:\/\/www.boe.es\/buscar\/act.php?id=BOE-A-2002-13758\"><\/a>\u200b<\/p>\n\n\n\n<p>Per qualsiasi controversia che possa sorgere dall'accesso o dall'utilizzo del sito web, le parti si sottopongono alle Corti e ai Tribunali della citt\u00e0 di Santa Cruz de Tenerife, a meno che le norme di protezione dei consumatori e degli utenti non prevedano diversamente.<a rel=\"noreferrer noopener nofollow\" target=\"_blank\" href=\"https:\/\/usercentrics.com\/es\/knowledge-hub\/aviso-legal-web\/\"><\/a>\u200b<\/p>\n\t\t\t\t\t\t\t\t<\/div>\n\t\t\t\t<\/div>\n\t\t\t\t\t<\/div>\n\t\t\t\t<\/div>\n\t\t\t\t<\/div>","protected":false},"excerpt":{"rendered":"<p>Aviso Legal \u2013 Tobabos SL \u00daltima actualizaci\u00f3n: 09\/12\/2025 1. Informaci\u00f3n general En cumplimiento de lo dispuesto en la Ley 34\/2002, de 11 de julio, de servicios de la sociedad de la informaci\u00f3n y de comercio electr\u00f3nico (LSSI-CE), se informa de los siguientes datos identificativos del titular del sitio web.\u200b El presente sitio web&nbsp;www.tobabos.es&nbsp;tiene por objeto [&hellip;]<\/p>\n","protected":false},"author":2,"featured_media":0,"parent":0,"menu_order":0,"comment_status":"closed","ping_status":"closed","template":"","meta":{"_acf_changed":false,"footnotes":""},"class_list":["post-423","page","type-page","status-publish","hentry"],"acf":[],"_links":{"self":[{"href":"https:\/\/tobabos.es\/it\/wp-json\/wp\/v2\/pages\/423","targetHints":{"allow":["GET"]}}],"collection":[{"href":"https:\/\/tobabos.es\/it\/wp-json\/wp\/v2\/pages"}],"about":[{"href":"https:\/\/tobabos.es\/it\/wp-json\/wp\/v2\/types\/page"}],"author":[{"embeddable":true,"href":"https:\/\/tobabos.es\/it\/wp-json\/wp\/v2\/users\/2"}],"replies":[{"embeddable":true,"href":"https:\/\/tobabos.es\/it\/wp-json\/wp\/v2\/comments?post=423"}],"version-history":[{"count":4,"href":"https:\/\/tobabos.es\/it\/wp-json\/wp\/v2\/pages\/423\/revisions"}],"predecessor-version":[{"id":1104,"href":"https:\/\/tobabos.es\/it\/wp-json\/wp\/v2\/pages\/423\/revisions\/1104"}],"wp:attachment":[{"href":"https:\/\/tobabos.es\/it\/wp-json\/wp\/v2\/media?parent=423"}],"curies":[{"name":"wp","href":"https:\/\/api.w.org\/{rel}","templated":true}]}}