{"id":425,"date":"2024-09-02T19:33:22","date_gmt":"2024-09-02T18:33:22","guid":{"rendered":"https:\/\/base.thebluegrow.com\/?page_id=425"},"modified":"2025-12-18T19:47:31","modified_gmt":"2025-12-18T19:47:31","slug":"informativa-sui-cookie","status":"publish","type":"page","link":"https:\/\/tobabos.es\/it\/informativa-sui-cookie\/","title":{"rendered":"Informativa sui cookie"},"content":{"rendered":"<div data-elementor-type=\"wp-page\" data-elementor-id=\"425\" class=\"elementor elementor-425\" data-elementor-post-type=\"page\">\n\t\t\t\t<div class=\"elementor-element elementor-element-27903d4d e-flex e-con-boxed e-con e-parent\" data-id=\"27903d4d\" data-element_type=\"container\" data-e-type=\"container\">\n\t\t\t\t\t<div class=\"e-con-inner\">\n\t\t\t\t<div class=\"elementor-element elementor-element-24437f39 elementor-widget elementor-widget-text-editor\" data-id=\"24437f39\" data-element_type=\"widget\" data-e-type=\"widget\" data-widget_type=\"text-editor.default\">\n\t\t\t\t<div class=\"elementor-widget-container\">\n\t\t\t\t\t\t\t\t\t\n<h2 class=\"wp-block-heading\" id=\"poltica-de-cookies--tobabos-sl\">Informativa sui cookie - Tobabos SL<\/h2>\n\n\n\n<p>Ultimo aggiornamento: 09\/12\/2025<\/p>\n\n\n\n<h2 class=\"wp-block-heading\">1. Cosa sono i cookie?<\/h2>\n\n\n\n<p>I cookie sono piccoli file di testo che vengono memorizzati sul dispositivo dell'utente (computer, tablet, smartphone) quando accede a determinate pagine web e consentono al sito di ricordare le informazioni relative alla navigazione.<a rel=\"noreferrer noopener nofollow\" target=\"_blank\" href=\"https:\/\/www.aepd.es\/guias\/guia-cookies.pdf\"><\/a>\u200b<br>I cookie possono essere utilizzati, tra l'altro, per attivare funzioni di base, per analizzare l'utilizzo del sito web o per visualizzare contenuti personalizzati.<\/p>\n\n\n\n<h2 class=\"wp-block-heading\">2. Quali tipi di cookie utilizziamo?<\/h2>\n\n\n\n<p>Su questo sito web possono essere utilizzati i seguenti tipi di cookie:<\/p>\n\n\n\n<ul class=\"wp-block-list\">\n<li>Cookie tecnici o necessari: essenziali per il funzionamento di base del sito, per la sicurezza e per la fornitura dei servizi richiesti (ad esempio, gestione delle sessioni, risposta ai moduli, preferenza della lingua).<a href=\"https:\/\/www.aepd.es\/guias\/guia-cookies.pdf\" target=\"_blank\" rel=\"noreferrer noopener nofollow\"><\/a>\u200b<\/li>\n\n\n\n<li>Cookie di analisi o di misurazione: ci consentono di quantificare il numero di utenti e di analizzare il loro utilizzo del sito web al fine di migliorarne il contenuto e l'usabilit\u00e0 (ad es. Google Analytics).<a href=\"https:\/\/www.aepd.es\/guias\/guia-cookies-analiticas-externas.pdf\" target=\"_blank\" rel=\"noreferrer noopener nofollow\"><\/a>\u200b<\/li>\n\n\n\n<li>Cookie di marketing o di tracciamento: possono essere utilizzati per tracciare il comportamento degli utenti su diversi siti web al fine di visualizzare pubblicit\u00e0 o comunicazioni personalizzate, nonch\u00e9 per misurare l'efficacia delle campagne (ad esempio, alcune funzioni di Brevo).<a href=\"https:\/\/academy.brevo.com\/cookies\" target=\"_blank\" rel=\"noreferrer noopener nofollow\"><\/a>\u200b<\/li>\n<\/ul>\n\n\n\n<p>I cookie tecnici vengono sempre installati, mentre i cookie analitici e di marketing vengono installati solo se l'utente li accetta espressamente attraverso il pannello di impostazione dei cookie.<\/p>\n\n\n\n<h2 class=\"wp-block-heading\">3. Cookie specifici utilizzati in questo sito web<\/h2>\n\n\n\n<p>A titolo indicativo, sul sito web Tobabos.es possono essere utilizzati i seguenti cookie (l'elenco esatto pu\u00f2 variare a seconda della configurazione tecnica in vigore):<\/p>\n\n\n\n<h2 class=\"wp-block-heading\">3.1. Cookie tecnici o necessari<\/h2>\n\n\n\n<ul class=\"wp-block-list\">\n<li>Cookie di WordPress e specifici per il tema (ad es. gestione della sessione, preferenze di base del sito).<a href=\"https:\/\/wpconsent.com\/es\/beginners-guide-to-google-analytics-cookie-consent-in-wordpress\/\" target=\"_blank\" rel=\"noreferrer noopener nofollow\"><\/a>\u200b<\/li>\n\n\n\n<li>Cookie di Elementor necessari per il corretto rendering dei blocchi e delle funzionalit\u00e0 del sito web.<a href=\"https:\/\/wpconsent.com\/es\/beginners-guide-to-google-analytics-cookie-consent-in-wordpress\/\" target=\"_blank\" rel=\"noreferrer noopener nofollow\"><\/a>\u200b<\/li>\n<\/ul>\n\n\n\n<p>Questi cookie sono essenziali per il funzionamento del sito web e vengono installati sulla base del legittimo interesse di Tobabos SL a fornire un sito web funzionante e sicuro.<\/p>\n\n\n\n<h2 class=\"wp-block-heading\">3.2. Cookie analitici (Google Analytics tramite Google Site Kit)<\/h2>\n\n\n\n<ul class=\"wp-block-list\">\n<li>Cookie di Google Analytics (ad es,\u00a0<code>_ga<\/code>,\u00a0<code>_gid<\/code>,\u00a0<code>_ga_*<\/code>), utilizzato attraverso il plugin Google Site Kit per misurare le visite, l'utilizzo delle pagine, le fonti di traffico e altre statistiche di utilizzo.<a href=\"https:\/\/www.cookiebot.com\/es\/google-analytics-rgpd\/\" target=\"_blank\" rel=\"noreferrer noopener nofollow\"><\/a>\u200b<\/li>\n\n\n\n<li>Questi dati vengono utilizzati per migliorare i contenuti e l'esperienza dell'utente, ma Google pu\u00f2 anche utilizzarli per i propri scopi e pertanto richiede il consenso dell'utente per il loro utilizzo.<a href=\"https:\/\/metricson.com\/google-analytics-y-el-consentimiento-de-cookies\/\" target=\"_blank\" rel=\"noreferrer noopener nofollow\"><\/a>\u200b<\/li>\n<\/ul>\n\n\n\n<p>Base giuridica: consenso dell'utente, in conformit\u00e0 all'articolo 6.1.a del GDPR e alle linee guida AEPD sui cookie analitici.<a rel=\"noreferrer noopener nofollow\" target=\"_blank\" href=\"https:\/\/www.didomi.io\/es\/blog\/cookies-analiticas-consentimiento-espana-aepd\"><\/a>\u200b<\/p>\n\n\n\n<h2 class=\"wp-block-heading\">3.3. Cookie di marketing o di tracciamento (Brevo)<\/h2>\n\n\n\n<ul class=\"wp-block-list\">\n<li>Cookie associati a Brevo\/Sendinblue quando si utilizzano moduli collegati, funzioni di monitoraggio delle campagne o, se del caso, chat o altre funzionalit\u00e0 di marketing.<a href=\"https:\/\/help.brevo.com\/hc\/en-us\/articles\/4409601214226-Troubleshooting-Implementing-first-party-cookies-on-your-website\" target=\"_blank\" rel=\"noreferrer noopener nofollow\"><\/a>\u200b<\/li>\n\n\n\n<li>Possono essere utilizzati per misurare le aperture delle e-mail, i clic, le conversioni e per associare le visite web a specifiche campagne di e-mail marketing o ad altre azioni commerciali.<\/li>\n<\/ul>\n\n\n\n<p>Base giuridica: consenso dell'utente all'installazione di questi cookie e al relativo trattamento, ai sensi dell'articolo 6.1.a del GDPR.<a rel=\"noreferrer noopener nofollow\" target=\"_blank\" href=\"https:\/\/help.brevo.com\/hc\/en-us\/articles\/360001258744-How-does-Brevo-comply-with-the-GDPR\"><\/a>\u200b<\/p>\n\n\n\n<p>Una tabella aggiornata con il nome specifico di ciascun cookie, il fornitore, la finalit\u00e0, la durata e il tipo, in conformit\u00e0 con le linee guida dell'AEPD, sar\u00e0 riportata nella Cookie Policy dettagliata del sito.<a rel=\"noreferrer noopener nofollow\" target=\"_blank\" href=\"https:\/\/www.latevaweb.com\/guia-normativa-cookies-2024\"><\/a>\u200b<\/p>\n\n\n\n<h2 class=\"wp-block-heading\">4. Base giuridica per l'utilizzo dei cookie<\/h2>\n\n\n\n<ul class=\"wp-block-list\">\n<li>Cookie tecnici o necessari: sono trattati sulla base del legittimo interesse di Tobabos SL a garantire il corretto funzionamento del sito web e la fornitura dei servizi richiesti dall'utente.<a href=\"https:\/\/www.cuatrecasas.com\/es\/spain\/propiedad-intelectual\/art\/entra-vigor-nuevo-criterio-aepd-uso-de-cookies\" target=\"_blank\" rel=\"noreferrer noopener nofollow\"><\/a>\u200b<\/li>\n\n\n\n<li>Cookie di analisi e marketing: vengono installati solo se l'utente fornisce il proprio consenso tramite il banner o il pannello di configurazione dei cookie e possono essere ritirati in qualsiasi momento.<a href=\"https:\/\/cms.law\/es\/esp\/publication\/la-aepd-incorpora-a-su-guia-de-cookies-los-criterios-del-cepd-sobre-pay-or-consent\" target=\"_blank\" rel=\"noreferrer noopener nofollow\"><\/a>\u200b<\/li>\n<\/ul>\n\n\n\n<h2 class=\"wp-block-heading\">5. Gestione, configurazione e revoca dei cookie<\/h2>\n\n\n\n<p>In qualsiasi momento, l'utente pu\u00f2:<\/p>\n\n\n\n<ul class=\"wp-block-list\">\n<li>Accettare o rifiutare i cookie di analisi e marketing dal banner iniziale o dal pannello di impostazione dei cookie disponibile sul sito (\u201cImposta cookie\u201d o link simile).<a href=\"https:\/\/www.latevaweb.com\/guia-normativa-cookies-2024\" target=\"_blank\" rel=\"noreferrer noopener nofollow\"><\/a>\u200b<\/li>\n\n\n\n<li>Modificare o revocare il consenso precedentemente concesso, accedendo nuovamente al pannello dal link permanente in fondo alla pagina.<\/li>\n<\/ul>\n\n\n\n<p>Gli utenti possono anche configurare il proprio browser per bloccare o eliminare i cookie:<\/p>\n\n\n\n<ul class=\"wp-block-list\">\n<li>Google Chrome:\u00a0<a href=\"https:\/\/support.google.com\/chrome\/answer\/95647\" target=\"_blank\" rel=\"noreferrer noopener nofollow\">https:\/\/support.google.com\/chrome\/answer\/95647<\/a><a href=\"https:\/\/support.google.com\/chrome\/answer\/95647?hl=en&amp;co=GENIE.Platform%3DDesktop\" target=\"_blank\" rel=\"noreferrer noopener nofollow\"><\/a>\u200b<\/li>\n\n\n\n<li>Mozilla Firefox:\u00a0<a href=\"https:\/\/support.mozilla.org\/es\/kb\/Borrar%20cookies\" target=\"_blank\" rel=\"noreferrer noopener nofollow\">https:\/\/support.mozilla.org\/es\/kb\/Borrar%20cookies<\/a><a href=\"https:\/\/support.mozilla.org\/es\/kb\/Borrar%20cookies\" target=\"_blank\" rel=\"noreferrer noopener nofollow\"><\/a>\u200b<\/li>\n\n\n\n<li>Microsoft Edge:\u00a0<a href=\"https:\/\/support.microsoft.com\/es-es\/microsoft-edge\/eliminar-las-cookies-en-microsoft-edge-63947406-40ac-c3b8-57b9-2a946a29ae09\" target=\"_blank\" rel=\"noreferrer noopener nofollow\">https:\/\/support.microsoft.com\/es-es\/microsoft-edge\/eliminar-las-cookies-en-microsoft-edge-63947406-40ac-c3b8-57b9-2a946a29ae09<\/a><a href=\"https:\/\/www.comparitech.com\/es\/blog\/vpn-privacidad\/borrar-cookies-chrome-firefox-edge-safari-opera\/\" target=\"_blank\" rel=\"noreferrer noopener nofollow\"><\/a>\u200b<\/li>\n\n\n\n<li>Safari:\u00a0<a href=\"https:\/\/support.apple.com\/es-es\/HT201265\" target=\"_blank\" rel=\"noreferrer noopener nofollow\">https:\/\/support.apple.com\/es-es\/HT201265<\/a><a href=\"https:\/\/raiolanetworks.com\/blog\/como-eliminar-cookies\/\" target=\"_blank\" rel=\"noreferrer noopener nofollow\"><\/a>\u200b<\/li>\n<\/ul>\n\n\n\n<p>Si noti che il blocco di alcuni cookie pu\u00f2 compromettere il corretto funzionamento di alcuni elementi del sito web.<\/p>\n\n\n\n<h2 class=\"wp-block-heading\">6. Trasferimenti di dati e fornitori terzi<\/h2>\n\n\n\n<p>L'utilizzo di alcuni cookie comporta il trattamento dei dati da parte di terzi:<\/p>\n\n\n\n<ul class=\"wp-block-list\">\n<li>Google LLC \/ Google Ireland Limited: in qualit\u00e0 di fornitore di Google Analytics e di altri servizi associati a Google Site Kit, pu\u00f2 effettuare elaborazioni e, se del caso, trasferimenti internazionali di dati, per i quali applica misure quali le clausole contrattuali standard.<a href=\"https:\/\/support.google.com\/analytics\/answer\/10000067?hl=es\" target=\"_blank\" rel=\"noreferrer noopener nofollow\"><\/a>\u200b<\/li>\n\n\n\n<li>Brevo (Sendinblue SAS, Francia, UE): in qualit\u00e0 di fornitore di servizi di email marketing e automazione, tratta i dati come responsabile del trattamento e rispetta il GDPR.<a href=\"https:\/\/help.brevo.com\/hc\/en-us\/sections\/18503544961042-GDPR\" target=\"_blank\" rel=\"noreferrer noopener nofollow\"><\/a>\u200b<\/li>\n<\/ul>\n\n\n\n<p>Per ulteriori informazioni sul trattamento dei dati da parte di queste terze parti, si consiglia di consultare le rispettive informative sulla privacy e sui cookie.<\/p>\n\n\n\n<h2 class=\"wp-block-heading\">7. Titolare del trattamento dei dati<\/h2>\n\n\n\n<p>Il responsabile del trattamento dei dati personali associato all'utilizzo dei cookie su questo sito \u00e8:<\/p>\n\n\n\n<p>Tobabos SL<br>Calle Madrid, 6 - 38660 Adeje (Santa Cruz de Tenerife), Spagna<a rel=\"noreferrer noopener nofollow\" target=\"_blank\" href=\"https:\/\/cincodias.elpais.com\/directorio-empresas\/empresa\/10121247\/tobabos\"><\/a>\u200b<br>Indirizzo e-mail di contatto:&nbsp;<a rel=\"noreferrer noopener\" target=\"_blank\" href=\"mailto:info@tobabos.es\">info@tobabos.es<\/a><\/p>\n\n\n\n<p>Per ulteriori informazioni su come trattiamo i vostri dati personali, sui vostri diritti e su come esercitarli, potete consultare la nostra Informativa sulla privacy disponibile su questo sito web.<\/p>\n\t\t\t\t\t\t\t\t<\/div>\n\t\t\t\t<\/div>\n\t\t\t\t\t<\/div>\n\t\t\t\t<\/div>\n\t\t\t\t<\/div>","protected":false},"excerpt":{"rendered":"<p>Pol\u00edtica de Cookies \u2013 Tobabos SL \u00daltima actualizaci\u00f3n: 09\/12\/2025 1. \u00bfQu\u00e9 son las cookies? Las cookies son peque\u00f1os archivos de texto que se almacenan en el dispositivo del usuario (ordenador, tablet, smartphone) al acceder a determinadas p\u00e1ginas web y permiten que el sitio recuerde informaci\u00f3n relacionada con la navegaci\u00f3n.\u200bEntre otras cosas, las cookies pueden servir [&hellip;]<\/p>\n","protected":false},"author":2,"featured_media":0,"parent":0,"menu_order":0,"comment_status":"closed","ping_status":"closed","template":"","meta":{"_acf_changed":false,"footnotes":""},"class_list":["post-425","page","type-page","status-publish","hentry"],"acf":[],"_links":{"self":[{"href":"https:\/\/tobabos.es\/it\/wp-json\/wp\/v2\/pages\/425","targetHints":{"allow":["GET"]}}],"collection":[{"href":"https:\/\/tobabos.es\/it\/wp-json\/wp\/v2\/pages"}],"about":[{"href":"https:\/\/tobabos.es\/it\/wp-json\/wp\/v2\/types\/page"}],"author":[{"embeddable":true,"href":"https:\/\/tobabos.es\/it\/wp-json\/wp\/v2\/users\/2"}],"replies":[{"embeddable":true,"href":"https:\/\/tobabos.es\/it\/wp-json\/wp\/v2\/comments?post=425"}],"version-history":[{"count":4,"href":"https:\/\/tobabos.es\/it\/wp-json\/wp\/v2\/pages\/425\/revisions"}],"predecessor-version":[{"id":1110,"href":"https:\/\/tobabos.es\/it\/wp-json\/wp\/v2\/pages\/425\/revisions\/1110"}],"wp:attachment":[{"href":"https:\/\/tobabos.es\/it\/wp-json\/wp\/v2\/media?parent=425"}],"curies":[{"name":"wp","href":"https:\/\/api.w.org\/{rel}","templated":true}]}}